{"id":7,"date":"2023-02-09T16:17:33","date_gmt":"2023-02-09T19:17:33","guid":{"rendered":"http:\/\/44.203.242.75\/wordpress\/?page_id=7"},"modified":"2026-03-31T12:04:48","modified_gmt":"2026-03-31T15:04:48","slug":"home","status":"publish","type":"page","link":"http:\/\/ijmestrada.com.ar\/wordpress\/","title":{"rendered":"Home"},"content":{"rendered":"\n<div class=\"wp-block-cover alignfull is-light has-x-large-font-size\" style=\"padding-top:0;padding-right:0;padding-bottom:0;padding-left:0;min-height:800px\"><span aria-hidden=\"true\" class=\"wp-block-cover__background has-background-dim-70 has-background-dim has-background-gradient\" style=\"background:linear-gradient(288deg,rgb(46,229,107) 0%,rgb(90,163,87) 18%,rgb(235,211,59) 38%,rgba(237,110,43,0.82) 61%,rgba(245,111,22,0.59) 80%,rgba(255,77,109,0.88) 100%)\"><\/span><div class=\"wp-block-cover__inner-container\">\n<div class=\"inherit-container-width is-layout-constrained wp-container-1 wp-block-group alignwide\" style=\"padding-top:0;padding-right:0;padding-bottom:0;padding-left:0\"><\/div>\n\n\n\n<div class=\"is-layout-flex wp-container-3 wp-block-columns\">\n<div class=\"is-layout-flow wp-block-column\">\n<\/div>\n<\/div>\n<\/div><\/div>\n\n\n\n<div class=\"is-layout-flex wp-container-6 wp-block-columns alignfull are-vertically-aligned-center has-ast-global-color-4-background-color has-background\">\n<div class=\"is-layout-flow wp-block-column is-vertically-aligned-center\" style=\"flex-basis:33.33%\">\n<h2 id=\"historia\"><br><br>NOSOTROS<\/h2>\n\n\n\n<p><strong>HISTORIA INSTITUCIONAL<\/strong><\/p>\n\n\n\n<p>Estamos muy orgullosos de los valores que nos identifican, queremos compartir con ustedes nuestra historia y tambien invitarlos a escribirla\u2026<\/p>\n<\/div>\n\n\n\n<div class=\"is-layout-flow wp-block-column is-vertically-aligned-center\" style=\"flex-basis:66.66%\">\n<figure class=\"wp-block-embed aligncenter is-type-video is-provider-youtube wp-block-embed-youtube wp-embed-aspect-16-9 wp-has-aspect-ratio\"><div class=\"wp-block-embed__wrapper\">\n<div class=\"ast-oembed-container\" style=\"height: 100%;\"><iframe loading=\"lazy\" title=\"Historia Intituto Jos\u00e9 Manuel Estrada\" width=\"500\" height=\"281\" src=\"https:\/\/www.youtube.com\/embed\/dsocSBfe8jo?feature=oembed\" frameborder=\"0\" allow=\"accelerometer; autoplay; clipboard-write; encrypted-media; gyroscope; picture-in-picture; web-share\" referrerpolicy=\"strict-origin-when-cross-origin\" allowfullscreen><\/iframe><\/div>\n<\/div><\/figure>\n<\/div>\n<\/div>\n\n\n\n<div class=\"is-layout-constrained wp-container-15 wp-block-group alignwide has-ast-global-color-5-background-color has-background\" id=\"services\" style=\"padding-top:50px;padding-bottom:50px\">\n<h2 id=\"autoridades\">AUTORIDADES Y NIVELES<\/h2>\n\n\n\n<div class=\"is-layout-flex wp-container-9 wp-block-columns\">\n<div class=\"is-layout-flow wp-block-column\" style=\"flex-basis:66.66%\">\n<figure class=\"wp-block-image size-full\"><img decoding=\"async\" loading=\"lazy\" width=\"800\" height=\"350\" src=\"http:\/\/ijmestrada.com.ar\/wordpress\/wp-content\/uploads\/2023\/02\/Diseno-sin-titulo106.png\" alt=\"\" class=\"wp-image-57\" srcset=\"http:\/\/ijmestrada.com.ar\/wordpress\/wp-content\/uploads\/2023\/02\/Diseno-sin-titulo106.png 800w, http:\/\/ijmestrada.com.ar\/wordpress\/wp-content\/uploads\/2023\/02\/Diseno-sin-titulo106-300x131.png 300w, http:\/\/ijmestrada.com.ar\/wordpress\/wp-content\/uploads\/2023\/02\/Diseno-sin-titulo106-768x336.png 768w\" sizes=\"(max-width: 800px) 100vw, 800px\" \/><\/figure>\n<\/div>\n\n\n\n<div class=\"is-layout-flow wp-block-column\" style=\"flex-basis:33.33%\">\n<h3>ENTIDAD PROPIETARIA Y REPRESENTACI\u00d3N LEGAL<\/h3>\n\n\n\n<p><br>Sr. Santiago Bianchetti<br>Sr. Marcelo Scorziello<br><\/p>\n\n\n\n<h3><\/h3>\n\n\n\n<p><\/p>\n<\/div>\n<\/div>\n\n\n\n<div class=\"is-layout-flex wp-container-14 wp-block-columns\" style=\"margin-top:50px\">\n<div class=\"is-layout-flow wp-container-10 wp-block-column\">\n<figure class=\"wp-block-image size-full\"><img decoding=\"async\" loading=\"lazy\" width=\"450\" height=\"650\" src=\"http:\/\/ijmestrada.com.ar\/wordpress\/wp-content\/uploads\/2023\/02\/Diseno-sin-titulo109.png\" alt=\"\" class=\"wp-image-53\" srcset=\"http:\/\/ijmestrada.com.ar\/wordpress\/wp-content\/uploads\/2023\/02\/Diseno-sin-titulo109.png 450w, http:\/\/ijmestrada.com.ar\/wordpress\/wp-content\/uploads\/2023\/02\/Diseno-sin-titulo109-208x300.png 208w\" sizes=\"(max-width: 450px) 100vw, 450px\" \/><\/figure>\n\n\n\n<h3 style=\"margin-top:16px\">NIVEL INICIAL<\/h3>\n\n\n\n<p><strong>AUTORIDADES<\/strong><\/p>\n\n\n\n<p><strong>Directora:<\/strong> <em>Sra. Paula Marcone<\/em><br><strong>Vicedirectora: <\/strong><em>Sra. Sandra Souto<\/em><br><strong>Vicedirectora a cargo del nivel: <\/strong><em>Sra. <\/em>Mar\u00eda Marta Buceta<br><strong>Secretaria:<\/strong> <em>Sra. Nancy Martinez<\/em><\/p>\n\n\n\n<div class=\"wp-block-file\"><a id=\"wp-block-file--media-e4e1198b-4212-45ca-8dcf-aa7dae62a7f0\" href=\"https:\/\/ijmestrada.com.ar\/wordpress\/wp-content\/uploads\/2025\/02\/Horario-Nivel-Inicial-Extra-Programatico.pdf\">Horario-Nivel-Inicial-Extra-Programatico<\/a><a href=\"https:\/\/ijmestrada.com.ar\/wordpress\/wp-content\/uploads\/2025\/02\/Horario-Nivel-Inicial-Extra-Programatico.pdf\" class=\"wp-block-file__button wp-element-button\" download aria-describedby=\"wp-block-file--media-e4e1198b-4212-45ca-8dcf-aa7dae62a7f0\">Descarg\u00e1 los horarios Extra-program\u00e1ticos<\/a><\/div>\n\n\n\n<div class=\"wp-block-file\"><a id=\"wp-block-file--media-ffe235f9-1350-4ea2-a82f-26853a653314\" href=\"http:\/\/ijmestrada.com.ar\/wordpress\/wp-content\/uploads\/2025\/02\/Horario-Nivel-Inicial-Programatico.pdf\">Horario Nivel Inicial Program\u00e1tico<\/a><a href=\"http:\/\/ijmestrada.com.ar\/wordpress\/wp-content\/uploads\/2025\/02\/Horario-Nivel-Inicial-Programatico.pdf\" class=\"wp-block-file__button wp-element-button\" download aria-describedby=\"wp-block-file--media-ffe235f9-1350-4ea2-a82f-26853a653314\">Descarg\u00e1 los horarios Program\u00e1ticos<\/a><\/div>\n<\/div>\n\n\n\n<div class=\"is-layout-flow wp-container-11 wp-block-column\">\n<figure class=\"wp-block-image size-full\"><img decoding=\"async\" loading=\"lazy\" width=\"450\" height=\"650\" src=\"http:\/\/ijmestrada.com.ar\/wordpress\/wp-content\/uploads\/2023\/02\/Diseno-sin-titulo110.png\" alt=\"\" class=\"wp-image-54\" srcset=\"http:\/\/ijmestrada.com.ar\/wordpress\/wp-content\/uploads\/2023\/02\/Diseno-sin-titulo110.png 450w, http:\/\/ijmestrada.com.ar\/wordpress\/wp-content\/uploads\/2023\/02\/Diseno-sin-titulo110-208x300.png 208w\" sizes=\"(max-width: 450px) 100vw, 450px\" \/><\/figure>\n\n\n\n<h3 style=\"margin-top:16px\">NIVEL PRIMARIO<\/h3>\n\n\n\n<p><strong>AUTORIDADES<\/strong><\/p>\n\n\n\n<p><strong>Directora: <\/strong><em>Sra. Paula Marcone<\/em><\/p>\n\n\n\n<p><strong>Vicedirectora: <\/strong><em>Sra. Sandra Souto<\/em><\/p>\n\n\n\n<p><strong>Secretaria<\/strong>:<em> Sra. Nancy Martinez<\/em><\/p>\n\n\n\n<div class=\"wp-block-file\"><a href=\"http:\/\/ijmestrada.com.ar\/wordpress\/wp-content\/uploads\/2023\/02\/ORGANIGRAMA-DEL-NIVEL-EP-TURNO-MANANA-Y-TURNO-TARDE-WORD.docx.pdf\" class=\"wp-block-file__button wp-element-button\" download>Descarg\u00e1 los horarios del turno ma\u00f1ana y del turno tarde<\/a><\/div>\n<\/div>\n\n\n\n<div class=\"is-layout-flow wp-container-13 wp-block-column\">\n<figure class=\"wp-block-image size-full\"><img decoding=\"async\" loading=\"lazy\" width=\"450\" height=\"650\" src=\"http:\/\/ijmestrada.com.ar\/wordpress\/wp-content\/uploads\/2023\/02\/Diseno-sin-titulo111.png\" alt=\"\" class=\"wp-image-55\" srcset=\"http:\/\/ijmestrada.com.ar\/wordpress\/wp-content\/uploads\/2023\/02\/Diseno-sin-titulo111.png 450w, http:\/\/ijmestrada.com.ar\/wordpress\/wp-content\/uploads\/2023\/02\/Diseno-sin-titulo111-208x300.png 208w\" sizes=\"(max-width: 450px) 100vw, 450px\" \/><\/figure>\n\n\n\n<h3 style=\"margin-top:16px\">NIVEL SECUNDARIO<\/h3>\n\n\n\n<p><strong>AUTORIDADES<\/strong><\/p>\n\n\n\n<p><strong>Director: <\/strong><em>Prof. Sergio Chiodi<\/em><br><strong>Vicedirector:<\/strong> Prof. Luca Montaldo<br><strong>Secretaria<\/strong>: <em>Prof. Carla Maldonado<\/em><\/p>\n\n\n\n<div class=\"wp-block-file\"><a href=\"https:\/\/ijmestrada.com.ar\/wordpress\/wp-content\/uploads\/2024\/05\/2024_ORGANIGRAMA-DEL-NIVEL-SECUNDARIO-TURNO-MANANA-Y-TURNO-TARDE-SECUNDARIO.pdf\" class=\"wp-block-file__button wp-element-button\" download>Descarg\u00e1 los horarios del Turno Ma\u00f1ana y Tarde<\/a><\/div>\n\n\n\n<div class=\"is-layout-flex wp-block-buttons\">\n<div class=\"wp-block-button\"><a class=\"wp-block-button__link wp-element-button\" href=\"http:\/\/ijmestrada.com.ar\/wordpress\/wp-content\/uploads\/2023\/07\/ObjetivosPEINivelSecundario.pdf\" target=\"_blank\" rel=\"noreferrer noopener\">Descarg\u00e1 los objetivos institucionales del nivel<\/a><\/div>\n\n\n\n<div class=\"wp-block-button\"><a class=\"wp-block-button__link wp-element-button\" href=\"http:\/\/ijmestrada.com.ar\/wordpress\/wp-content\/uploads\/2023\/08\/AIC-2023-COMPLETO.docx\" target=\"_blank\" rel=\"noreferrer noopener\">Descarg\u00e1 el proyecto educativo institucional del nivel<\/a><\/div>\n\n\n\n<div class=\"wp-block-button alignleft\"><a class=\"wp-block-button__link wp-element-button\" href=\"\" target=\"_blank\" rel=\"noreferrer noopener\">Descarg\u00e1 los horarios del personal<\/a><\/div>\n<\/div>\n<\/div>\n<\/div>\n<\/div>\n\n\n\n<div class=\"is-layout-flex wp-container-20 wp-block-columns alignfull has-background\" id=\"novedades\" style=\"background:linear-gradient(288deg,rgb(46,229,107) 0%,rgb(90,163,87) 19%,rgb(235,211,59) 36%,rgba(237,110,43,0.82) 55%,rgba(245,111,22,0.59) 75%,rgba(255,77,109,0.88) 100%);padding-top:var(--wp--preset--spacing--60);padding-right:var(--wp--preset--spacing--60);padding-bottom:var(--wp--preset--spacing--60);padding-left:var(--wp--preset--spacing--60)\">\n<div class=\"is-layout-flow wp-block-column\" style=\"flex-basis:25%\">\n<figure class=\"wp-block-image size-large\"><img decoding=\"async\" loading=\"lazy\" width=\"576\" height=\"1024\" src=\"https:\/\/ijmestrada.com.ar\/wordpress\/wp-content\/uploads\/2026\/02\/Diseno-sin-titulo-37-576x1024.png\" alt=\"\" class=\"wp-image-1472\" srcset=\"http:\/\/ijmestrada.com.ar\/wordpress\/wp-content\/uploads\/2026\/02\/Diseno-sin-titulo-37-576x1024.png 576w, http:\/\/ijmestrada.com.ar\/wordpress\/wp-content\/uploads\/2026\/02\/Diseno-sin-titulo-37-169x300.png 169w, http:\/\/ijmestrada.com.ar\/wordpress\/wp-content\/uploads\/2026\/02\/Diseno-sin-titulo-37-768x1365.png 768w, http:\/\/ijmestrada.com.ar\/wordpress\/wp-content\/uploads\/2026\/02\/Diseno-sin-titulo-37-864x1536.png 864w, http:\/\/ijmestrada.com.ar\/wordpress\/wp-content\/uploads\/2026\/02\/Diseno-sin-titulo-37.png 1080w\" sizes=\"(max-width: 576px) 100vw, 576px\" \/><\/figure>\n<\/div>\n\n\n\n<div class=\"is-layout-flow wp-block-column is-vertically-aligned-center\" style=\"flex-basis:50%\">\n<h2 class=\"has-text-align-center\">NOVEDADES<\/h2>\n\n\n\n<p class=\"has-text-align-center has-black-color has-text-color\">Seguinos en nuestro Instagram para conocer las \u00faltimas noticias, actividades y comunicados del Instituto Jos\u00e9 Manuel Estrada.<\/p>\n\n\n\n<div class=\"is-layout-flex wp-block-buttons\">\n<div class=\"wp-block-button aligncenter\"><a class=\"wp-block-button__link wp-element-button\" href=\"https:\/\/www.instagram.com\/ijmestrada\/\" target=\"_blank\" rel=\"noreferrer noopener\">\u00a1No te pierdas nada, Seguinos!<\/a><\/div>\n<\/div>\n<\/div>\n\n\n\n<div class=\"is-layout-flow wp-block-column\" style=\"flex-basis:25%\">\n<figure class=\"wp-block-image size-large\"><img decoding=\"async\" loading=\"lazy\" width=\"576\" height=\"1024\" src=\"https:\/\/ijmestrada.com.ar\/wordpress\/wp-content\/uploads\/2026\/02\/Diseno-sin-titulo-41-576x1024.png\" alt=\"\" class=\"wp-image-1477\" srcset=\"http:\/\/ijmestrada.com.ar\/wordpress\/wp-content\/uploads\/2026\/02\/Diseno-sin-titulo-41-576x1024.png 576w, http:\/\/ijmestrada.com.ar\/wordpress\/wp-content\/uploads\/2026\/02\/Diseno-sin-titulo-41-169x300.png 169w, http:\/\/ijmestrada.com.ar\/wordpress\/wp-content\/uploads\/2026\/02\/Diseno-sin-titulo-41-768x1365.png 768w, http:\/\/ijmestrada.com.ar\/wordpress\/wp-content\/uploads\/2026\/02\/Diseno-sin-titulo-41-864x1536.png 864w, http:\/\/ijmestrada.com.ar\/wordpress\/wp-content\/uploads\/2026\/02\/Diseno-sin-titulo-41.png 1080w\" sizes=\"(max-width: 576px) 100vw, 576px\" \/><\/figure>\n<\/div>\n<\/div>\n\n\n\n<div class=\"is-layout-flex wp-container-25 wp-block-columns alignfull\" id=\"administracion\">\n<div class=\"is-layout-flow wp-block-column\" style=\"flex-basis:33.33%\">\n<br><br>\n\n\n\n<figure class=\"wp-block-image size-full is-resized\"><img decoding=\"async\" loading=\"lazy\" src=\"http:\/\/ijmestrada.com.ar\/wordpress\/wp-content\/uploads\/2023\/02\/Diseno-sin-titulo112.png\" alt=\"\" class=\"wp-image-72\" width=\"429\" height=\"621\" srcset=\"http:\/\/ijmestrada.com.ar\/wordpress\/wp-content\/uploads\/2023\/02\/Diseno-sin-titulo112.png 450w, http:\/\/ijmestrada.com.ar\/wordpress\/wp-content\/uploads\/2023\/02\/Diseno-sin-titulo112-208x300.png 208w\" sizes=\"(max-width: 429px) 100vw, 429px\" \/><\/figure>\n<\/div>\n\n\n\n<div class=\"is-layout-flow wp-block-column\" style=\"flex-basis:66.66%\">\n<h2>ADMINISTRACI\u00d3N<\/h2>\n\n\n\n<h4><strong>RESPONSABLE A CARGO: Sra. Karina Mendelovich<\/strong><\/h4>\n\n\n\n<h4>ARANCELES 2026<\/h4>\n\n\n\n<div class=\"wp-block-file alignleft\"><a href=\"http:\/\/ijmestrada.com.ar\/wordpress\/wp-content\/uploads\/2026\/03\/ARANCELES-WEB-MARZO-2026.pdf\" class=\"wp-block-file__button wp-element-button\" download>\u00a1Descargalos haciendo click aqui!<\/a><\/div>\n\n\n\n<h4><br>AHORR\u00c1 TIEMPO, DESCARG\u00c1 TUS FACTURAS ONLINE<\/h4>\n\n\n\n<div class=\"is-layout-flex wp-block-buttons\">\n<div class=\"wp-block-button\"><a class=\"wp-block-button__link wp-element-button\" href=\"https:\/\/vermiscomprobantes.com.ar\/\">\u00a1Acced\u00e9 a tus facturas on-line!<\/a><\/div>\n<\/div>\n\n\n\n<div class=\"wp-block-file alignleft\"><a href=\"http:\/\/ijmestrada.com.ar\/wordpress\/wp-content\/uploads\/2023\/02\/TutorialFacturas-1.pdf\" class=\"wp-block-file__button wp-element-button\" download>\u00a1Descarga el tutorial haciendo click ac\u00e1!<\/a><\/div>\n\n\n\n<h4><br>CONOC\u00c9 TODOS LA DOCUMENTACI\u00d3N NECESARIA PARA EL INGRESO Y AYUDANOS A TENER LOS DATOS PERSONALES ACTUALIZADOS<\/h4>\n\n\n\n<div class=\"is-layout-flex wp-block-buttons\">\n<div class=\"wp-block-button\"><a class=\"wp-block-button__link wp-element-button\" href=\"http:\/\/ijmestrada.com.ar\/wordpress\/documentos-para-el-ingreso\/\" target=\"_blank\" rel=\"noreferrer noopener\">\u00a1Acced\u00e9 a los documentos del ingreso!<\/a><\/div>\n\n\n\n<div class=\"wp-block-button\"><a class=\"wp-block-button__link wp-element-button\" href=\"http:\/\/ijmestrada.com.ar\/wordpress\/actualizacion-de-datos\/\" target=\"_blank\" rel=\"noreferrer noopener\">\u00a1Actualiz\u00e1 los datos del estudiante!<\/a><\/div>\n<\/div>\n\n\n\n<h4>\u00a1MUCHAS GRACIAS!<\/h4>\n<\/div>\n<\/div>\n\n\n\n<p><\/p>\n\n\n\n<div class=\"is-layout-flex wp-container-30 wp-block-columns alignfull has-background\" id=\"personal\" style=\"background:linear-gradient(288deg,rgb(46,229,107) 0%,rgb(90,163,87) 19%,rgb(235,211,59) 36%,rgba(237,110,43,0.82) 55%,rgba(245,111,22,0.59) 75%,rgba(255,77,109,0.88) 100%);padding-top:var(--wp--preset--spacing--60);padding-right:var(--wp--preset--spacing--60);padding-bottom:var(--wp--preset--spacing--60);padding-left:var(--wp--preset--spacing--60)\">\n<div class=\"is-layout-flow wp-block-column\" style=\"flex-basis:25%\">\n<br><br><br><br><br><br><br><br><br><br>\n\n\n\n<figure class=\"wp-block-image size-full\"><img decoding=\"async\" loading=\"lazy\" width=\"600\" height=\"600\" src=\"http:\/\/ijmestrada.com.ar\/wordpress\/wp-content\/uploads\/2023\/03\/Diseno-sin-titulo120.png\" alt=\"\" class=\"wp-image-412\" srcset=\"http:\/\/ijmestrada.com.ar\/wordpress\/wp-content\/uploads\/2023\/03\/Diseno-sin-titulo120.png 600w, http:\/\/ijmestrada.com.ar\/wordpress\/wp-content\/uploads\/2023\/03\/Diseno-sin-titulo120-300x300.png 300w, http:\/\/ijmestrada.com.ar\/wordpress\/wp-content\/uploads\/2023\/03\/Diseno-sin-titulo120-150x150.png 150w\" sizes=\"(max-width: 600px) 100vw, 600px\" \/><\/figure>\n<\/div>\n\n\n\n<div class=\"is-layout-flow wp-block-column\" style=\"flex-basis:50%\">\n<h2 class=\"has-text-align-center\">\u00a1SUMATE A NUESTRO EQUIPO!<\/h2>\n\n\n\n<p class=\"has-text-align-center has-ast-global-color-8-color has-text-color\">El Instituto Jos\u00e9 Manuel Estrada de la ciudad de Berazategui solicita curr\u00edculum vitae de todas las \u00e1reas, de los niveles Inicial, Primario y Secundario, MI, MG. Se solicita presentar el mismo de la siguiente manera:<\/p>\n\n\n\n<p class=\"wp-elements-2c821b1ea057a278b879cb3a00c1ac5d has-text-align-center has-ast-global-color-8-color has-text-color has-link-color\">1.  Encabezado. Datos Personales<br>2. Perfil profesional<br>3. Experiencia laboral. Referencias. Disponibilidad horaria<br>4. Formaci\u00f3n acad\u00e9mica. T\u00edtulos habilitantes o trayecto pedag\u00f3gico (anexar al CV). Oblea oficial del a\u00f1o<br>5. Habilidades tecnol\u00f3gicas<br>6. Idiomas u otros conocimientos relacionados a la docencia<\/p>\n\n\n\n<p class=\"wp-elements-729f0810bcfd6f93bd1902ee26686f84 has-text-align-center has-ast-global-color-8-color has-text-color has-link-color\">Enviar \u00fanicamente al siguiente mail:<br><a>ijmestradagerencia@gmail.com<\/a><\/p>\n\n\n\n<p class=\"has-text-align-center has-ast-global-color-8-color has-text-color\">Observaciones: los CV que se entreguen en forma incompleta ser\u00e1n devueltos. Si el interesado lo desean enviar nuevamente, lo realizar\u00e1 con toda la documentaci\u00f3n en un mismo archivo.<\/p>\n\n\n\n<p class=\"has-text-align-center has-ast-global-color-8-color has-text-color\">No se aceptan CV de estudiantes que no hayan terminado su respectiva cursada.<\/p>\n\n\n\n<div class=\"is-layout-flex wp-block-buttons\">\n<div class=\"wp-block-button aligncenter\"><a class=\"wp-block-button__link wp-element-button\" href=\"mailto:ijmestradagerencia@gmail.com\" target=\"_blank\" rel=\"noreferrer noopener\">\u00a1Click aqu\u00ed para postularte y enviarnos tu C.V.!<\/a><\/div>\n<\/div>\n\n\n\n<div class=\"padlet-embed\" style=\"border:1px solid rgba(0,0,0,0.1);border-radius:2px;box-sizing:border-box;overflow:hidden;position:relative;width:100%;background:#F4F4F4\"><p style=\"padding:0;margin:0\"><iframe src=\"https:\/\/padlet.com\/embed\/dx8p065mryx93f2g\" allow=\"camera;microphone;geolocation\" style=\"width:100%;height:500px;display:block;padding:0;margin:0\" frameborder=\"0\"><\/iframe><\/p><div style=\"display:flex;align-items:center;justify-content:end;margin:0;height:28px\"><a href=\"https:\/\/padlet.com?ref=embed\" style=\"display:block;flex-grow:0;margin:0;border:none;padding:0;text-decoration:none\" target=\"_blank\" rel=\"noopener\"><div style=\"display:flex;align-items:center;\"><img decoding=\"async\" loading=\"lazy\" src=\"https:\/\/padlet.net\/embeds\/made_with_padlet_2022.png\" style=\"padding:0;margin:0;background:0 0;border:none;box-shadow:none\" alt=\"Hecho con Padlet\" width=\"114\" height=\"10\"><\/div><\/a><\/div><\/div>\n<\/div>\n\n\n\n<div class=\"is-layout-flow wp-block-column has-ast-global-color-8-color has-text-color\" style=\"flex-basis:25%\">\n<br><br><br><br><br><br><br><br><br><br>\n\n\n\n<figure class=\"wp-block-image size-full\"><img decoding=\"async\" loading=\"lazy\" width=\"600\" height=\"600\" src=\"http:\/\/ijmestrada.com.ar\/wordpress\/wp-content\/uploads\/2023\/03\/Diseno-sin-titulo121.png\" alt=\"\" class=\"wp-image-415\" srcset=\"http:\/\/ijmestrada.com.ar\/wordpress\/wp-content\/uploads\/2023\/03\/Diseno-sin-titulo121.png 600w, http:\/\/ijmestrada.com.ar\/wordpress\/wp-content\/uploads\/2023\/03\/Diseno-sin-titulo121-300x300.png 300w, http:\/\/ijmestrada.com.ar\/wordpress\/wp-content\/uploads\/2023\/03\/Diseno-sin-titulo121-150x150.png 150w\" sizes=\"(max-width: 600px) 100vw, 600px\" \/><\/figure>\n<\/div>\n<\/div>\n\n\n\n<div class=\"is-layout-constrained wp-container-39 wp-block-group alignfull\" id=\"contacto\" style=\"padding-top:50px;padding-bottom:50px\">\n<h2 id=\"autoridades\">CONTACTO<\/h2>\n\n\n\n<div class=\"is-layout-flex wp-container-37 wp-block-columns\">\n<div class=\"is-layout-flow wp-block-column\" style=\"flex-basis:44.45%\">\n<ul>\n<li>Representantes Legales: ijmestradagerencia@gmail.com<\/li>\n\n\n\n<li>Administraci\u00f3n: ijmestrada@gmail.com<\/li>\n\n\n\n<li>Direcci\u00f3n de Nivel Inicial: ijmestrada.inicial@gmail.com<\/li>\n\n\n\n<li>Direcci\u00f3n de Nivel Primario: ijmestrada.ep@gmail.com<\/li>\n\n\n\n<li>Direcci\u00f3n de Nivel Secundario: ijmestrada.secundario@gmail.com<\/li>\n\n\n\n<li>Secretaria Inicial y primaria: estradasecretaria.ep@gmail.com<\/li>\n\n\n\n<li>Secretaria Secundario: estradasecretaria.sec@gmail.com<\/li>\n\n\n\n<li>Preceptor\u00eda Nivel Inicial: ijmestrada.preceptoriainicial@gmail.com<\/li>\n\n\n\n<li>Preceptor\u00eda Secundario: ijmestrada.preceptoria@gmail.com<\/li>\n<\/ul>\n\n\n\n<p>TEL\u00c9FONO: (011) 42165954<\/p>\n<\/div>\n\n\n\n<div class=\"is-layout-flow wp-block-column\" style=\"flex-basis:22.22%\">\n<h3>UBICACI\u00d3N<\/h3>\n\n\n\n<iframe src=\"https:\/\/www.google.com\/maps\/embed?pb=!1m14!1m8!1m3!1d13110.47349486057!2d-58.212467000000004!3d-34.765205!3m2!1i1024!2i768!4f13.1!3m3!1m2!1s0x0%3A0xb6d4fb578e660621!2sInstituto%20Jose%20Manuel%20Estrada!5e0!3m2!1ses!2sar!4v1676652882906!5m2!1ses!2sar\" style=\"border:0;\" allowfullscreen=\"\" loading=\"lazy\" referrerpolicy=\"no-referrer-when-downgrade\" width=\"200\" height=\"350\"><\/iframe>\n\n\n\n<p>Calle 144, nro 1533, Berazategui. Bs. As.<\/p>\n\n\n\n<div class=\"is-layout-flex wp-container-34 wp-block-columns\">\n<div class=\"is-layout-flow wp-block-column\" style=\"flex-basis:100%\">\n<ul class=\"is-layout-flex wp-block-social-links\"><li class=\"wp-social-link wp-social-link-facebook wp-block-social-link\"><a href=\"https:\/\/facebook.com\/ijmestrada\"  class=\"wp-block-social-link-anchor\"><svg width=\"24\" height=\"24\" viewBox=\"0 0 24 24\" version=\"1.1\" xmlns=\"http:\/\/www.w3.org\/2000\/svg\" aria-hidden=\"true\" focusable=\"false\"><path d=\"M12 2C6.5 2 2 6.5 2 12c0 5 3.7 9.1 8.4 9.9v-7H7.9V12h2.5V9.8c0-2.5 1.5-3.9 3.8-3.9 1.1 0 2.2.2 2.2.2v2.5h-1.3c-1.2 0-1.6.8-1.6 1.6V12h2.8l-.4 2.9h-2.3v7C18.3 21.1 22 17 22 12c0-5.5-4.5-10-10-10z\"><\/path><\/svg><span class=\"wp-block-social-link-label screen-reader-text\">Facebook<\/span><\/a><\/li>\n\n<li class=\"wp-social-link wp-social-link-instagram wp-block-social-link\"><a href=\"https:\/\/instagram.com\/ijmestrada\"  class=\"wp-block-social-link-anchor\"><svg width=\"24\" height=\"24\" viewBox=\"0 0 24 24\" version=\"1.1\" xmlns=\"http:\/\/www.w3.org\/2000\/svg\" aria-hidden=\"true\" focusable=\"false\"><path d=\"M12,4.622c2.403,0,2.688,0.009,3.637,0.052c0.877,0.04,1.354,0.187,1.671,0.31c0.42,0.163,0.72,0.358,1.035,0.673 c0.315,0.315,0.51,0.615,0.673,1.035c0.123,0.317,0.27,0.794,0.31,1.671c0.043,0.949,0.052,1.234,0.052,3.637 s-0.009,2.688-0.052,3.637c-0.04,0.877-0.187,1.354-0.31,1.671c-0.163,0.42-0.358,0.72-0.673,1.035 c-0.315,0.315-0.615,0.51-1.035,0.673c-0.317,0.123-0.794,0.27-1.671,0.31c-0.949,0.043-1.233,0.052-3.637,0.052 s-2.688-0.009-3.637-0.052c-0.877-0.04-1.354-0.187-1.671-0.31c-0.42-0.163-0.72-0.358-1.035-0.673 c-0.315-0.315-0.51-0.615-0.673-1.035c-0.123-0.317-0.27-0.794-0.31-1.671C4.631,14.688,4.622,14.403,4.622,12 s0.009-2.688,0.052-3.637c0.04-0.877,0.187-1.354,0.31-1.671c0.163-0.42,0.358-0.72,0.673-1.035 c0.315-0.315,0.615-0.51,1.035-0.673c0.317-0.123,0.794-0.27,1.671-0.31C9.312,4.631,9.597,4.622,12,4.622 M12,3 C9.556,3,9.249,3.01,8.289,3.054C7.331,3.098,6.677,3.25,6.105,3.472C5.513,3.702,5.011,4.01,4.511,4.511 c-0.5,0.5-0.808,1.002-1.038,1.594C3.25,6.677,3.098,7.331,3.054,8.289C3.01,9.249,3,9.556,3,12c0,2.444,0.01,2.751,0.054,3.711 c0.044,0.958,0.196,1.612,0.418,2.185c0.23,0.592,0.538,1.094,1.038,1.594c0.5,0.5,1.002,0.808,1.594,1.038 c0.572,0.222,1.227,0.375,2.185,0.418C9.249,20.99,9.556,21,12,21s2.751-0.01,3.711-0.054c0.958-0.044,1.612-0.196,2.185-0.418 c0.592-0.23,1.094-0.538,1.594-1.038c0.5-0.5,0.808-1.002,1.038-1.594c0.222-0.572,0.375-1.227,0.418-2.185 C20.99,14.751,21,14.444,21,12s-0.01-2.751-0.054-3.711c-0.044-0.958-0.196-1.612-0.418-2.185c-0.23-0.592-0.538-1.094-1.038-1.594 c-0.5-0.5-1.002-0.808-1.594-1.038c-0.572-0.222-1.227-0.375-2.185-0.418C14.751,3.01,14.444,3,12,3L12,3z M12,7.378 c-2.552,0-4.622,2.069-4.622,4.622S9.448,16.622,12,16.622s4.622-2.069,4.622-4.622S14.552,7.378,12,7.378z M12,15 c-1.657,0-3-1.343-3-3s1.343-3,3-3s3,1.343,3,3S13.657,15,12,15z M16.804,6.116c-0.596,0-1.08,0.484-1.08,1.08 s0.484,1.08,1.08,1.08c0.596,0,1.08-0.484,1.08-1.08S17.401,6.116,16.804,6.116z\"><\/path><\/svg><span class=\"wp-block-social-link-label screen-reader-text\">Instagram<\/span><\/a><\/li><\/ul>\n<\/div>\n<\/div>\n<\/div>\n\n\n\n<div class=\"is-layout-flow wp-block-column\" style=\"flex-basis:33.33%\">\n<figure class=\"wp-block-image size-full is-resized\"><img decoding=\"async\" loading=\"lazy\" src=\"http:\/\/ijmestrada.com.ar\/wordpress\/wp-content\/uploads\/2023\/02\/Diseno-sin-titulo113-1.png\" alt=\"\" class=\"wp-image-146\" width=\"323\" height=\"481\"\/><\/figure>\n<\/div>\n<\/div>\n\n\n\n<div class=\"is-layout-flex wp-container-38 wp-block-columns\" style=\"margin-top:50px\"><\/div>\n<\/div>\n","protected":false},"excerpt":{"rendered":"<p>NOSOTROS HISTORIA INSTITUCIONAL Estamos muy orgullosos de los valores que nos identifican, queremos compartir con ustedes nuestra historia y tambien invitarlos a escribirla\u2026 AUTORIDADES Y NIVELES ENTIDAD PROPIETARIA Y REPRESENTACI\u00d3N LEGAL Sr. Santiago BianchettiSr. Marcelo Scorziello NIVEL INICIAL AUTORIDADES Directora: Sra. Paula MarconeVicedirectora: Sra. Sandra SoutoVicedirectora a cargo del nivel: Sra. Mar\u00eda Marta BucetaSecretaria: Sra. &hellip;<\/p>\n<p class=\"read-more\"> <a class=\"\" href=\"http:\/\/ijmestrada.com.ar\/wordpress\/\"> <span class=\"screen-reader-text\">Home<\/span> Read More &raquo;<\/a><\/p>\n","protected":false},"author":1,"featured_media":0,"parent":0,"menu_order":0,"comment_status":"closed","ping_status":"closed","template":"","meta":{"site-sidebar-layout":"no-sidebar","site-content-layout":"plain-container","ast-global-header-display":"","ast-main-header-display":"","ast-hfb-above-header-display":"","ast-hfb-below-header-display":"","ast-hfb-mobile-header-display":"","site-post-title":"disabled","ast-breadcrumbs-content":"","ast-featured-img":"","footer-sml-layout":"","theme-transparent-header-meta":"enabled","adv-header-id-meta":"","stick-header-meta":"","header-above-stick-meta":"","header-main-stick-meta":"","header-below-stick-meta":""},"_links":{"self":[{"href":"http:\/\/ijmestrada.com.ar\/wordpress\/wp-json\/wp\/v2\/pages\/7"}],"collection":[{"href":"http:\/\/ijmestrada.com.ar\/wordpress\/wp-json\/wp\/v2\/pages"}],"about":[{"href":"http:\/\/ijmestrada.com.ar\/wordpress\/wp-json\/wp\/v2\/types\/page"}],"author":[{"embeddable":true,"href":"http:\/\/ijmestrada.com.ar\/wordpress\/wp-json\/wp\/v2\/users\/1"}],"replies":[{"embeddable":true,"href":"http:\/\/ijmestrada.com.ar\/wordpress\/wp-json\/wp\/v2\/comments?post=7"}],"version-history":[{"count":169,"href":"http:\/\/ijmestrada.com.ar\/wordpress\/wp-json\/wp\/v2\/pages\/7\/revisions"}],"predecessor-version":[{"id":1486,"href":"http:\/\/ijmestrada.com.ar\/wordpress\/wp-json\/wp\/v2\/pages\/7\/revisions\/1486"}],"wp:attachment":[{"href":"http:\/\/ijmestrada.com.ar\/wordpress\/wp-json\/wp\/v2\/media?parent=7"}],"curies":[{"name":"wp","href":"https:\/\/api.w.org\/{rel}","templated":true}]}}